{"id":1253,"date":"2023-01-26T08:40:49","date_gmt":"2023-01-26T08:40:49","guid":{"rendered":"https:\/\/www.nordiq.ch\/?page_id=1253"},"modified":"2023-01-26T09:07:46","modified_gmt":"2023-01-26T09:07:46","slug":"geschaeftsbedingungen","status":"publish","type":"page","link":"https:\/\/www.nordiq.ch\/?page_id=1253","title":{"rendered":"Gesch\u00e4ftsbedingungen"},"content":{"rendered":"\t\t<div data-elementor-type=\"wp-page\" data-elementor-id=\"1253\" class=\"elementor elementor-1253\">\n\t\t\t\t\t\t\t\t\t<section class=\"elementor-section elementor-top-section elementor-element elementor-element-695242cb elementor-section-boxed elementor-section-height-default elementor-section-height-default\" data-id=\"695242cb\" data-element_type=\"section\">\n\t\t\t\t\t\t<div class=\"elementor-container elementor-column-gap-default\">\n\t\t\t\t\t<div class=\"elementor-column elementor-col-100 elementor-top-column elementor-element elementor-element-7b09161b\" data-id=\"7b09161b\" data-element_type=\"column\">\n\t\t\t<div class=\"elementor-widget-wrap elementor-element-populated\">\n\t\t\t\t\t\t\t\t<div class=\"elementor-element elementor-element-60f488a2 elementor-widget elementor-widget-text-editor\" data-id=\"60f488a2\" data-element_type=\"widget\" data-widget_type=\"text-editor.default\">\n\t\t\t\t<div class=\"elementor-widget-container\">\n\t\t\t<style>\/*! elementor - v3.10.1 - 17-01-2023 *\/\n.elementor-widget-text-editor.elementor-drop-cap-view-stacked .elementor-drop-cap{background-color:#818a91;color:#fff}.elementor-widget-text-editor.elementor-drop-cap-view-framed .elementor-drop-cap{color:#818a91;border:3px solid;background-color:transparent}.elementor-widget-text-editor:not(.elementor-drop-cap-view-default) .elementor-drop-cap{margin-top:8px}.elementor-widget-text-editor:not(.elementor-drop-cap-view-default) .elementor-drop-cap-letter{width:1em;height:1em}.elementor-widget-text-editor .elementor-drop-cap{float:left;text-align:center;line-height:1;font-size:50px}.elementor-widget-text-editor .elementor-drop-cap-letter{display:inline-block}<\/style>\t\t\t\t<!-- wp:paragraph -->\n<p><strong>Gegenstand und Anwendung der AGB<br><\/strong>Die vorliegenden allgemeinen Gesch\u00e4ftsbedingungen (nachfolgend AGB genannt) regeln das Verh\u00e4ltnis zwischen der Nordiq GmbH als Betreiberin der Website und dem Kunden (nachfolgend Kunde genannt). Soweit der Kunde Produkte als Grundlage des Online-Shops bestellt, gelten ausschliesslich diese Allgemeinen Gesch\u00e4ftsbedingungen.<\/p>\n<!-- \/wp:paragraph -->\n\n<!-- wp:paragraph -->\n<p><strong>Angebot<\/strong><br>Unsere Angebote sind grunds\u00e4tzlich verbindlich. Irrt\u00fcmer und technische \u00c4nderungen sind jedoch vorbehalten. Alle Bestellungen werden f\u00fcr uns erst verbindlich durch die Auslieferung der Ware.<\/p>\n<!-- \/wp:paragraph -->\n\n<!-- wp:paragraph -->\n<p><strong>Lieferung und Versandkosten<\/strong><br>Die Lieferzeiten betragen ca. 2-3 Tage. In keinem Fall begr\u00fcnden Lieferverz\u00f6gerungen Schadenersatzanspr\u00fcche irgendwelcher Art. Der Versand erfolgt auf Kosten und Gefahr des Kunden. Das Liefergebiet umfasst die Schweiz und Liechtenstein. Die Auslieferung erfolgt mit der Schweizer Post.<\/p>\n<!-- \/wp:paragraph -->\n\n<!-- wp:paragraph -->\n<p><strong>Preise \/Zahlung \/Eigentumsvorbehalt<br><\/strong>Unsere Preise verstehen sich netto in Schweizer Franken inklusive 7.7 % Mehrwertsteuer.<\/p>\n<!-- \/wp:paragraph -->\n\n<!-- wp:paragraph -->\n<p><strong>M\u00e4ngelr\u00fcge<br><\/strong>Reklamationen m\u00fcssen innerhalb von 7 Tagen ab Lieferdatum in schriftlicher Form erfolgen.<\/p>\n<!-- \/wp:paragraph -->\n\n<!-- wp:paragraph -->\n<p><strong>R\u00fcckgaben<br><\/strong>Portokosten bei R\u00fccksendungen (auch bei einem Garantiefall) gehen zu Lasten des K\u00e4ufers.<\/p>\n<!-- \/wp:paragraph -->\n\n<!-- wp:paragraph -->\n<p><strong>Datenschutz<br><\/strong>Die Kundendaten werden nicht an Dritte weitergegeben.<\/p>\n<!-- \/wp:paragraph -->\n\n<!-- wp:paragraph -->\n<p><strong>Gerichtsstand<br><\/strong>S\u00e4mtliche Verpflichtungen unterstehen ausschliesslich dem schweizerischen Recht. Erf\u00fcllungsort und ausschliesslicher Gerichtsstand ist Langenthal.<\/p>\n<!-- \/wp:paragraph -->\n\n<!-- wp:paragraph -->\n<p><strong>Weitere Bestimmungen<\/strong><br>Die Unwirksamkeit einzelner Bestimmungen dieser AGB ber\u00fchren die Wirksamkeit der \u00fcbrigen Bestimmungen nicht.<br>Die Nordiq GmbH beh\u00e4lt sich das Recht vor, diese AGB jederzeit zu \u00e4ndern.<\/p>\n<!-- \/wp:paragraph -->\t\t\t\t\t\t<\/div>\n\t\t\t\t<\/div>\n\t\t\t\t\t<\/div>\n\t\t<\/div>\n\t\t\t\t\t\t\t<\/div>\n\t\t<\/section>\n\t\t\t\t\t\t\t<\/div>\n\t\t","protected":false},"excerpt":{"rendered":"<p>Gegenstand und Anwendung der AGBDie vorliegenden allgemeinen Gesch\u00e4ftsbedingungen (nachfolgend AGB genannt) regeln das Verh\u00e4ltnis zwischen der Nordiq GmbH als Betreiberin der Website und dem Kunden (nachfolgend Kunde genannt). Soweit der Kunde Produkte als Grundlage des Online-Shops bestellt, gelten ausschliesslich diese Allgemeinen Gesch\u00e4ftsbedingungen. AngebotUnsere Angebote sind grunds\u00e4tzlich verbindlich. Irrt\u00fcmer und technische \u00c4nderungen sind jedoch vorbehalten. Alle [&hellip;]<\/p>\n","protected":false},"author":1,"featured_media":0,"parent":0,"menu_order":0,"comment_status":"closed","ping_status":"closed","template":"","meta":{"footnotes":""},"class_list":["post-1253","page","type-page","status-publish","hentry"],"_links":{"self":[{"href":"https:\/\/www.nordiq.ch\/index.php?rest_route=\/wp\/v2\/pages\/1253","targetHints":{"allow":["GET"]}}],"collection":[{"href":"https:\/\/www.nordiq.ch\/index.php?rest_route=\/wp\/v2\/pages"}],"about":[{"href":"https:\/\/www.nordiq.ch\/index.php?rest_route=\/wp\/v2\/types\/page"}],"author":[{"embeddable":true,"href":"https:\/\/www.nordiq.ch\/index.php?rest_route=\/wp\/v2\/users\/1"}],"replies":[{"embeddable":true,"href":"https:\/\/www.nordiq.ch\/index.php?rest_route=%2Fwp%2Fv2%2Fcomments&post=1253"}],"version-history":[{"count":4,"href":"https:\/\/www.nordiq.ch\/index.php?rest_route=\/wp\/v2\/pages\/1253\/revisions"}],"predecessor-version":[{"id":1289,"href":"https:\/\/www.nordiq.ch\/index.php?rest_route=\/wp\/v2\/pages\/1253\/revisions\/1289"}],"wp:attachment":[{"href":"https:\/\/www.nordiq.ch\/index.php?rest_route=%2Fwp%2Fv2%2Fmedia&parent=1253"}],"curies":[{"name":"wp","href":"https:\/\/api.w.org\/{rel}","templated":true}]}}